{"id":1970,"date":"2022-05-23T22:51:17","date_gmt":"2022-05-23T22:51:17","guid":{"rendered":"https:\/\/www.manantialasesorias.cl\/?page_id=1970"},"modified":"2025-04-26T14:37:09","modified_gmt":"2025-04-26T14:37:09","slug":"asesoria-en-seguros","status":"publish","type":"page","link":"https:\/\/www.manantialasesorias.cl\/index.php\/asesoria-en-seguros\/","title":{"rendered":"ASESOR\u00cdA EN SEGUROS"},"content":{"rendered":"\t\t<div data-elementor-type=\"wp-page\" data-elementor-id=\"1970\" class=\"elementor elementor-1970\" data-elementor-post-type=\"page\">\n\t\t\t\t\t\t<section class=\"elementor-section elementor-top-section elementor-element elementor-element-2bc4cfd elementor-section-boxed elementor-section-height-default elementor-section-height-default\" data-id=\"2bc4cfd\" data-element_type=\"section\" data-e-type=\"section\">\n\t\t\t\t\t\t<div class=\"elementor-container elementor-column-gap-default\">\n\t\t\t\t\t<div class=\"elementor-column elementor-col-100 elementor-top-column elementor-element elementor-element-0cb1305\" data-id=\"0cb1305\" data-element_type=\"column\" data-e-type=\"column\">\n\t\t\t<div class=\"elementor-widget-wrap elementor-element-populated\">\n\t\t\t\t\t\t<div class=\"elementor-element elementor-element-9a23317 elementor-headline--style-highlight elementor-widget elementor-widget-animated-headline\" data-id=\"9a23317\" data-element_type=\"widget\" data-e-type=\"widget\" data-settings=\"{&quot;marker&quot;:&quot;underline&quot;,&quot;highlighted_text&quot;:&quot; EN SEGUROS&quot;,&quot;headline_style&quot;:&quot;highlight&quot;,&quot;loop&quot;:&quot;yes&quot;,&quot;highlight_animation_duration&quot;:1200,&quot;highlight_iteration_delay&quot;:8000}\" data-widget_type=\"animated-headline.default\">\n\t\t\t\t<div class=\"elementor-widget-container\">\n\t\t\t\t\t\t\t<h3 class=\"elementor-headline\">\n\t\t\t\t\t<span class=\"elementor-headline-plain-text elementor-headline-text-wrapper\">ASESOR\u00cdA <\/span>\n\t\t\t\t<span class=\"elementor-headline-dynamic-wrapper elementor-headline-text-wrapper\">\n\t\t\t\t\t<span class=\"elementor-headline-dynamic-text elementor-headline-text-active\"> EN SEGUROS<\/span>\n\t\t\t\t<\/span>\n\t\t\t\t<\/h3>\n\t\t\t\t\t\t<\/div>\n\t\t\t\t<\/div>\n\t\t\t\t\t<\/div>\n\t\t<\/div>\n\t\t\t\t\t<\/div>\n\t\t<\/section>\n\t\t\t\t<section class=\"elementor-section elementor-top-section elementor-element elementor-element-aee8a18 elementor-section-boxed elementor-section-height-default elementor-section-height-default\" data-id=\"aee8a18\" data-element_type=\"section\" data-e-type=\"section\">\n\t\t\t\t\t\t<div class=\"elementor-container elementor-column-gap-default\">\n\t\t\t\t\t<div class=\"elementor-column elementor-col-66 elementor-top-column elementor-element elementor-element-aa96e73 elementor-invisible\" data-id=\"aa96e73\" data-element_type=\"column\" data-e-type=\"column\" data-settings=\"{&quot;animation&quot;:&quot;bounceIn&quot;}\">\n\t\t\t<div class=\"elementor-widget-wrap elementor-element-populated\">\n\t\t\t\t\t\t<div class=\"elementor-element elementor-element-3e214e7 elementor-widget elementor-widget-text-editor\" data-id=\"3e214e7\" data-element_type=\"widget\" data-e-type=\"widget\" data-widget_type=\"text-editor.default\">\n\t\t\t\t<div class=\"elementor-widget-container\">\n\t\t\t\t\t\t\t\t\t<p><strong>\u201cSi tuviste un siniestro<\/strong><strong> y estas pagando credito hipotecar\u00edo\u00a0 <\/strong><\/p><p><strong>O <\/strong><\/p><p><strong>Si denunciaste el siniestro <\/strong><strong>y la compa\u00f1\u00eda de seguros no quiere pagarte lo debido\u201d<\/strong><\/p><p><strong>Cont\u00e1ctanos<\/strong><\/p><p><strong>\u201c<\/strong>Podemos lograr que el seguro asociado a tu vivienda cubra todos los da\u00f1os\u201d ya que contamos con la experiencia de especialistas expertos en todas las p\u00f3lizas de seguros bajo la normativa vigente por lo que hemos logrado el pago eficiente de indemnizaci\u00f3n de cada caso que hemos tenido desde el inicio de nuestra empresa hace m\u00e1s de 6 a\u00f1os.<\/p>\t\t\t\t\t\t\t\t<\/div>\n\t\t\t\t<\/div>\n\t\t\t\t<div class=\"elementor-element elementor-element-d14a683 elementor-widget elementor-widget-button\" data-id=\"d14a683\" data-element_type=\"widget\" data-e-type=\"widget\" data-widget_type=\"button.default\">\n\t\t\t\t<div class=\"elementor-widget-container\">\n\t\t\t\t\t\t\t\t\t<div class=\"elementor-button-wrapper\">\n\t\t\t\t\t<a class=\"elementor-button elementor-button-link elementor-size-sm\" href=\"https:\/\/www.manantialasesorias.cl\/index.php#contacto\">\n\t\t\t\t\t\t<span class=\"elementor-button-content-wrapper\">\n\t\t\t\t\t\t\t\t\t<span class=\"elementor-button-text\">Contacto<\/span>\n\t\t\t\t\t<\/span>\n\t\t\t\t\t<\/a>\n\t\t\t\t<\/div>\n\t\t\t\t\t\t\t\t<\/div>\n\t\t\t\t<\/div>\n\t\t\t\t\t<\/div>\n\t\t<\/div>\n\t\t\t\t<div class=\"elementor-column elementor-col-33 elementor-top-column elementor-element elementor-element-e75be6e\" data-id=\"e75be6e\" data-element_type=\"column\" data-e-type=\"column\">\n\t\t\t<div class=\"elementor-widget-wrap elementor-element-populated\">\n\t\t\t\t\t\t<div class=\"elementor-element elementor-element-d580b21 elementor-invisible elementor-widget elementor-widget-image\" data-id=\"d580b21\" data-element_type=\"widget\" data-e-type=\"widget\" data-settings=\"{&quot;motion_fx_motion_fx_mouse&quot;:&quot;yes&quot;,&quot;_animation&quot;:&quot;fadeInDown&quot;,&quot;_animation_delay&quot;:900}\" data-widget_type=\"image.default\">\n\t\t\t\t<div class=\"elementor-widget-container\">\n\t\t\t\t\t\t\t\t\t\t\t\t\t\t\t<img decoding=\"async\" src=\"https:\/\/www.manantialasesorias.cl\/wp-content\/uploads\/2025\/04\/dd4.jpg\" title=\"dd4\" alt=\"dd4\" loading=\"lazy\" \/>\t\t\t\t\t\t\t\t\t\t\t\t\t\t\t<\/div>\n\t\t\t\t<\/div>\n\t\t\t\t\t<\/div>\n\t\t<\/div>\n\t\t\t\t\t<\/div>\n\t\t<\/section>\n\t\t\t\t<\/div>\n\t\t","protected":false},"excerpt":{"rendered":"<p>ASESOR\u00cdA EN SEGUROS \u201cSi tuviste un siniestro y estas pagando credito hipotecar\u00edo\u00a0 O Si denunciaste el siniestro y la compa\u00f1\u00eda de seguros no quiere pagarte lo debido\u201d Cont\u00e1ctanos \u201cPodemos lograr que el seguro asociado a tu vivienda cubra todos los da\u00f1os\u201d ya que contamos con la experiencia de especialistas expertos en todas las p\u00f3lizas de [&hellip;]<\/p>\n","protected":false},"author":1,"featured_media":0,"parent":0,"menu_order":0,"comment_status":"closed","ping_status":"closed","template":"","meta":{"footnotes":""},"class_list":["post-1970","page","type-page","status-publish","hentry"],"_links":{"self":[{"href":"https:\/\/www.manantialasesorias.cl\/index.php\/wp-json\/wp\/v2\/pages\/1970","targetHints":{"allow":["GET"]}}],"collection":[{"href":"https:\/\/www.manantialasesorias.cl\/index.php\/wp-json\/wp\/v2\/pages"}],"about":[{"href":"https:\/\/www.manantialasesorias.cl\/index.php\/wp-json\/wp\/v2\/types\/page"}],"author":[{"embeddable":true,"href":"https:\/\/www.manantialasesorias.cl\/index.php\/wp-json\/wp\/v2\/users\/1"}],"replies":[{"embeddable":true,"href":"https:\/\/www.manantialasesorias.cl\/index.php\/wp-json\/wp\/v2\/comments?post=1970"}],"version-history":[{"count":15,"href":"https:\/\/www.manantialasesorias.cl\/index.php\/wp-json\/wp\/v2\/pages\/1970\/revisions"}],"predecessor-version":[{"id":2301,"href":"https:\/\/www.manantialasesorias.cl\/index.php\/wp-json\/wp\/v2\/pages\/1970\/revisions\/2301"}],"wp:attachment":[{"href":"https:\/\/www.manantialasesorias.cl\/index.php\/wp-json\/wp\/v2\/media?parent=1970"}],"curies":[{"name":"wp","href":"https:\/\/api.w.org\/{rel}","templated":true}]}}