{"id":1966,"date":"2022-05-23T22:50:44","date_gmt":"2022-05-23T22:50:44","guid":{"rendered":"https:\/\/www.manantialasesorias.cl\/?page_id=1966"},"modified":"2025-04-26T14:36:29","modified_gmt":"2025-04-26T14:36:29","slug":"como-cobrar-mi-seguro-en-caso-de-siniestro","status":"publish","type":"page","link":"https:\/\/www.manantialasesorias.cl\/index.php\/como-cobrar-mi-seguro-en-caso-de-siniestro\/","title":{"rendered":"COMO COBRAR M\u00cd SEGURO EN CASO DE SINIESTRO"},"content":{"rendered":"\t\t<div data-elementor-type=\"wp-page\" data-elementor-id=\"1966\" class=\"elementor elementor-1966\" data-elementor-post-type=\"page\">\n\t\t\t\t\t\t<section class=\"elementor-section elementor-top-section elementor-element elementor-element-74fb4cb elementor-section-boxed elementor-section-height-default elementor-section-height-default\" data-id=\"74fb4cb\" data-element_type=\"section\" data-e-type=\"section\">\n\t\t\t\t\t\t<div class=\"elementor-container elementor-column-gap-default\">\n\t\t\t\t\t<div class=\"elementor-column elementor-col-100 elementor-top-column elementor-element elementor-element-4f6d86e\" data-id=\"4f6d86e\" data-element_type=\"column\" data-e-type=\"column\">\n\t\t\t<div class=\"elementor-widget-wrap elementor-element-populated\">\n\t\t\t\t\t\t<div class=\"elementor-element elementor-element-1216a25 elementor-headline--style-highlight elementor-widget elementor-widget-animated-headline\" data-id=\"1216a25\" data-element_type=\"widget\" data-e-type=\"widget\" data-settings=\"{&quot;marker&quot;:&quot;underline&quot;,&quot;highlighted_text&quot;:&quot;EN CASO DE SINIESTRO&quot;,&quot;headline_style&quot;:&quot;highlight&quot;,&quot;loop&quot;:&quot;yes&quot;,&quot;highlight_animation_duration&quot;:1200,&quot;highlight_iteration_delay&quot;:8000}\" data-widget_type=\"animated-headline.default\">\n\t\t\t\t<div class=\"elementor-widget-container\">\n\t\t\t\t\t\t\t<h3 class=\"elementor-headline\">\n\t\t\t\t\t<span class=\"elementor-headline-plain-text elementor-headline-text-wrapper\">COMO COBRAR M\u00cd SEGURO <\/span>\n\t\t\t\t<span class=\"elementor-headline-dynamic-wrapper elementor-headline-text-wrapper\">\n\t\t\t\t\t<span class=\"elementor-headline-dynamic-text elementor-headline-text-active\">EN CASO DE SINIESTRO<\/span>\n\t\t\t\t<\/span>\n\t\t\t\t<\/h3>\n\t\t\t\t\t\t<\/div>\n\t\t\t\t<\/div>\n\t\t\t\t\t<\/div>\n\t\t<\/div>\n\t\t\t\t\t<\/div>\n\t\t<\/section>\n\t\t\t\t<section class=\"elementor-section elementor-top-section elementor-element elementor-element-5891e98 elementor-section-boxed elementor-section-height-default elementor-section-height-default\" data-id=\"5891e98\" data-element_type=\"section\" data-e-type=\"section\">\n\t\t\t\t\t\t<div class=\"elementor-container elementor-column-gap-default\">\n\t\t\t\t\t<div class=\"elementor-column elementor-col-66 elementor-top-column elementor-element elementor-element-313c9ea elementor-invisible\" data-id=\"313c9ea\" data-element_type=\"column\" data-e-type=\"column\" data-settings=\"{&quot;animation&quot;:&quot;bounceIn&quot;}\">\n\t\t\t<div class=\"elementor-widget-wrap elementor-element-populated\">\n\t\t\t\t\t\t<div class=\"elementor-element elementor-element-bea13da elementor-widget elementor-widget-text-editor\" data-id=\"bea13da\" data-element_type=\"widget\" data-e-type=\"widget\" data-widget_type=\"text-editor.default\">\n\t\t\t\t<div class=\"elementor-widget-container\">\n\t\t\t\t\t\t\t\t\t<p><strong>\u201cSi no sabes c\u00f3mo actuar ante el seguro para el cobro de tu indemnizaci\u00f3n\u201d<\/strong><\/p><p><strong>Cont\u00e1ctanos<\/strong><\/p><p>Como expertos manejaremos tu caso desde el inicio: realizando la denuncia, interpretando tu p\u00f3liza, defendiendo tu caso frente a las empresas liquidadoras para conseguir el mejor resultado posible; en caso de no ser as\u00ed, actuaremos ante instancias superiores como la defensor\u00eda del asegurado y la CMF para garantizarte indemnizaci\u00f3n correcta.<\/p>\t\t\t\t\t\t\t\t<\/div>\n\t\t\t\t<\/div>\n\t\t\t\t<div class=\"elementor-element elementor-element-a7c73c1 elementor-widget elementor-widget-button\" data-id=\"a7c73c1\" data-element_type=\"widget\" data-e-type=\"widget\" data-widget_type=\"button.default\">\n\t\t\t\t<div class=\"elementor-widget-container\">\n\t\t\t\t\t\t\t\t\t<div class=\"elementor-button-wrapper\">\n\t\t\t\t\t<a class=\"elementor-button elementor-button-link elementor-size-sm\" href=\"https:\/\/www.manantialasesorias.cl\/index.php#contacto\">\n\t\t\t\t\t\t<span class=\"elementor-button-content-wrapper\">\n\t\t\t\t\t\t\t\t\t<span class=\"elementor-button-text\">Contacto<\/span>\n\t\t\t\t\t<\/span>\n\t\t\t\t\t<\/a>\n\t\t\t\t<\/div>\n\t\t\t\t\t\t\t\t<\/div>\n\t\t\t\t<\/div>\n\t\t\t\t\t<\/div>\n\t\t<\/div>\n\t\t\t\t<div class=\"elementor-column elementor-col-33 elementor-top-column elementor-element elementor-element-a5feb85\" data-id=\"a5feb85\" data-element_type=\"column\" data-e-type=\"column\">\n\t\t\t<div class=\"elementor-widget-wrap elementor-element-populated\">\n\t\t\t\t\t\t<div class=\"elementor-element elementor-element-5edee28 elementor-invisible elementor-widget elementor-widget-image\" data-id=\"5edee28\" data-element_type=\"widget\" data-e-type=\"widget\" data-settings=\"{&quot;motion_fx_motion_fx_mouse&quot;:&quot;yes&quot;,&quot;_animation&quot;:&quot;fadeInDown&quot;,&quot;_animation_delay&quot;:900}\" data-widget_type=\"image.default\">\n\t\t\t\t<div class=\"elementor-widget-container\">\n\t\t\t\t\t\t\t\t\t\t\t\t\t\t\t<img decoding=\"async\" src=\"https:\/\/www.manantialasesorias.cl\/wp-content\/uploads\/2025\/04\/dd5.jpg\" title=\"dd5\" alt=\"dd5\" loading=\"lazy\" \/>\t\t\t\t\t\t\t\t\t\t\t\t\t\t\t<\/div>\n\t\t\t\t<\/div>\n\t\t\t\t\t<\/div>\n\t\t<\/div>\n\t\t\t\t\t<\/div>\n\t\t<\/section>\n\t\t\t\t<\/div>\n\t\t","protected":false},"excerpt":{"rendered":"<p>COMO COBRAR M\u00cd SEGURO EN CASO DE SINIESTRO \u201cSi no sabes c\u00f3mo actuar ante el seguro para el cobro de tu indemnizaci\u00f3n\u201d Cont\u00e1ctanos Como expertos manejaremos tu caso desde el inicio: realizando la denuncia, interpretando tu p\u00f3liza, defendiendo tu caso frente a las empresas liquidadoras para conseguir el mejor resultado posible; en caso de no [&hellip;]<\/p>\n","protected":false},"author":1,"featured_media":0,"parent":0,"menu_order":0,"comment_status":"closed","ping_status":"closed","template":"","meta":{"footnotes":""},"class_list":["post-1966","page","type-page","status-publish","hentry"],"_links":{"self":[{"href":"https:\/\/www.manantialasesorias.cl\/index.php\/wp-json\/wp\/v2\/pages\/1966","targetHints":{"allow":["GET"]}}],"collection":[{"href":"https:\/\/www.manantialasesorias.cl\/index.php\/wp-json\/wp\/v2\/pages"}],"about":[{"href":"https:\/\/www.manantialasesorias.cl\/index.php\/wp-json\/wp\/v2\/types\/page"}],"author":[{"embeddable":true,"href":"https:\/\/www.manantialasesorias.cl\/index.php\/wp-json\/wp\/v2\/users\/1"}],"replies":[{"embeddable":true,"href":"https:\/\/www.manantialasesorias.cl\/index.php\/wp-json\/wp\/v2\/comments?post=1966"}],"version-history":[{"count":12,"href":"https:\/\/www.manantialasesorias.cl\/index.php\/wp-json\/wp\/v2\/pages\/1966\/revisions"}],"predecessor-version":[{"id":2295,"href":"https:\/\/www.manantialasesorias.cl\/index.php\/wp-json\/wp\/v2\/pages\/1966\/revisions\/2295"}],"wp:attachment":[{"href":"https:\/\/www.manantialasesorias.cl\/index.php\/wp-json\/wp\/v2\/media?parent=1966"}],"curies":[{"name":"wp","href":"https:\/\/api.w.org\/{rel}","templated":true}]}}