{"id":1601,"date":"2021-11-17T03:14:57","date_gmt":"2021-11-17T03:14:57","guid":{"rendered":"https:\/\/pruebaagenciamarketing.com\/demo2\/?page_id=1601"},"modified":"2025-04-26T14:36:50","modified_gmt":"2025-04-26T14:36:50","slug":"riesgos-patrimoniales","status":"publish","type":"page","link":"https:\/\/www.manantialasesorias.cl\/index.php\/riesgos-patrimoniales\/","title":{"rendered":"RIESGOS PATRIMONIALES"},"content":{"rendered":"\t\t<div data-elementor-type=\"wp-page\" data-elementor-id=\"1601\" class=\"elementor elementor-1601\" data-elementor-post-type=\"page\">\n\t\t\t\t\t\t<section class=\"elementor-section elementor-top-section elementor-element elementor-element-c57c4cc elementor-section-boxed elementor-section-height-default elementor-section-height-default\" data-id=\"c57c4cc\" data-element_type=\"section\" data-e-type=\"section\">\n\t\t\t\t\t\t<div class=\"elementor-container elementor-column-gap-default\">\n\t\t\t\t\t<div class=\"elementor-column elementor-col-100 elementor-top-column elementor-element elementor-element-63c4bd1\" data-id=\"63c4bd1\" data-element_type=\"column\" data-e-type=\"column\">\n\t\t\t<div class=\"elementor-widget-wrap elementor-element-populated\">\n\t\t\t\t\t\t<div class=\"elementor-element elementor-element-f9f788b elementor-headline--style-highlight elementor-widget elementor-widget-animated-headline\" data-id=\"f9f788b\" data-element_type=\"widget\" data-e-type=\"widget\" data-settings=\"{&quot;marker&quot;:&quot;underline&quot;,&quot;highlighted_text&quot;:&quot;PATRIMONIALES&quot;,&quot;headline_style&quot;:&quot;highlight&quot;,&quot;loop&quot;:&quot;yes&quot;,&quot;highlight_animation_duration&quot;:1200,&quot;highlight_iteration_delay&quot;:8000}\" data-widget_type=\"animated-headline.default\">\n\t\t\t\t<div class=\"elementor-widget-container\">\n\t\t\t\t\t\t\t<h3 class=\"elementor-headline\">\n\t\t\t\t\t<span class=\"elementor-headline-plain-text elementor-headline-text-wrapper\">RIESGOS <\/span>\n\t\t\t\t<span class=\"elementor-headline-dynamic-wrapper elementor-headline-text-wrapper\">\n\t\t\t\t\t<span class=\"elementor-headline-dynamic-text elementor-headline-text-active\">PATRIMONIALES<\/span>\n\t\t\t\t<\/span>\n\t\t\t\t<\/h3>\n\t\t\t\t\t\t<\/div>\n\t\t\t\t<\/div>\n\t\t\t\t\t<\/div>\n\t\t<\/div>\n\t\t\t\t\t<\/div>\n\t\t<\/section>\n\t\t\t\t<section class=\"elementor-section elementor-top-section elementor-element elementor-element-b5103a9 elementor-section-boxed elementor-section-height-default elementor-section-height-default\" data-id=\"b5103a9\" data-element_type=\"section\" data-e-type=\"section\">\n\t\t\t\t\t\t<div class=\"elementor-container elementor-column-gap-default\">\n\t\t\t\t\t<div class=\"elementor-column elementor-col-66 elementor-top-column elementor-element elementor-element-72a5822 elementor-invisible\" data-id=\"72a5822\" data-element_type=\"column\" data-e-type=\"column\" data-settings=\"{&quot;animation&quot;:&quot;bounceIn&quot;}\">\n\t\t\t<div class=\"elementor-widget-wrap elementor-element-populated\">\n\t\t\t\t\t\t<div class=\"elementor-element elementor-element-43396b0 elementor-widget elementor-widget-text-editor\" data-id=\"43396b0\" data-element_type=\"widget\" data-e-type=\"widget\" data-widget_type=\"text-editor.default\">\n\t\t\t\t<div class=\"elementor-widget-container\">\n\t\t\t\t\t\t\t\t\t<p>\u00bfTienes conocimiento del riesgo que puede correr tu patrimonio y las consecuencias negativas que puede soportar?<\/p><p>La mayor\u00eda de estos riesgos suelen ser cubiertos a trav\u00e9s de seguros patrimoniales o seguros de da\u00f1os a dichos bienes, entre los que destaca el de responsabilidad civil, garant\u00eda o cauci\u00f3n,\u00a0 incendio, sismo, riesgos de la naturaleza, lluvia, filtraciones, rotura de ca\u00f1er\u00edas, Robo y\/o Asalto, entre otros.<\/p><p><strong>\u201cSi tienes dudas y necesitas de asesoramiento, cont\u00e1ctanos para resolver tus expectativas indemnizables y solo pagaras nuestros honorarios contra resultado\u201d<\/strong><\/p>\t\t\t\t\t\t\t\t<\/div>\n\t\t\t\t<\/div>\n\t\t\t\t<div class=\"elementor-element elementor-element-4d29dfb elementor-widget elementor-widget-button\" data-id=\"4d29dfb\" data-element_type=\"widget\" data-e-type=\"widget\" data-widget_type=\"button.default\">\n\t\t\t\t<div class=\"elementor-widget-container\">\n\t\t\t\t\t\t\t\t\t<div class=\"elementor-button-wrapper\">\n\t\t\t\t\t<a class=\"elementor-button elementor-button-link elementor-size-sm\" href=\"https:\/\/www.manantialasesorias.cl\/index.php#contacto\">\n\t\t\t\t\t\t<span class=\"elementor-button-content-wrapper\">\n\t\t\t\t\t\t\t\t\t<span class=\"elementor-button-text\">Contacto<\/span>\n\t\t\t\t\t<\/span>\n\t\t\t\t\t<\/a>\n\t\t\t\t<\/div>\n\t\t\t\t\t\t\t\t<\/div>\n\t\t\t\t<\/div>\n\t\t\t\t\t<\/div>\n\t\t<\/div>\n\t\t\t\t<div class=\"elementor-column elementor-col-33 elementor-top-column elementor-element elementor-element-e3f8a1a\" data-id=\"e3f8a1a\" data-element_type=\"column\" data-e-type=\"column\">\n\t\t\t<div class=\"elementor-widget-wrap elementor-element-populated\">\n\t\t\t\t\t\t<div class=\"elementor-element elementor-element-6812939 elementor-invisible elementor-widget elementor-widget-image\" data-id=\"6812939\" data-element_type=\"widget\" data-e-type=\"widget\" data-settings=\"{&quot;motion_fx_motion_fx_mouse&quot;:&quot;yes&quot;,&quot;_animation&quot;:&quot;fadeInDown&quot;,&quot;_animation_delay&quot;:900}\" data-widget_type=\"image.default\">\n\t\t\t\t<div class=\"elementor-widget-container\">\n\t\t\t\t\t\t\t\t\t\t\t\t\t\t\t<img decoding=\"async\" src=\"https:\/\/www.manantialasesorias.cl\/wp-content\/uploads\/2025\/04\/dd1.jpg\" title=\"dd1\" alt=\"dd1\" loading=\"lazy\" \/>\t\t\t\t\t\t\t\t\t\t\t\t\t\t\t<\/div>\n\t\t\t\t<\/div>\n\t\t\t\t\t<\/div>\n\t\t<\/div>\n\t\t\t\t\t<\/div>\n\t\t<\/section>\n\t\t\t\t<\/div>\n\t\t","protected":false},"excerpt":{"rendered":"<p>RIESGOS PATRIMONIALES \u00bfTienes conocimiento del riesgo que puede correr tu patrimonio y las consecuencias negativas que puede soportar? La mayor\u00eda de estos riesgos suelen ser cubiertos a trav\u00e9s de seguros patrimoniales o seguros de da\u00f1os a dichos bienes, entre los que destaca el de responsabilidad civil, garant\u00eda o cauci\u00f3n,\u00a0 incendio, sismo, riesgos de la naturaleza, [&hellip;]<\/p>\n","protected":false},"author":1,"featured_media":0,"parent":0,"menu_order":0,"comment_status":"closed","ping_status":"closed","template":"","meta":{"footnotes":""},"class_list":["post-1601","page","type-page","status-publish","hentry"],"_links":{"self":[{"href":"https:\/\/www.manantialasesorias.cl\/index.php\/wp-json\/wp\/v2\/pages\/1601","targetHints":{"allow":["GET"]}}],"collection":[{"href":"https:\/\/www.manantialasesorias.cl\/index.php\/wp-json\/wp\/v2\/pages"}],"about":[{"href":"https:\/\/www.manantialasesorias.cl\/index.php\/wp-json\/wp\/v2\/types\/page"}],"author":[{"embeddable":true,"href":"https:\/\/www.manantialasesorias.cl\/index.php\/wp-json\/wp\/v2\/users\/1"}],"replies":[{"embeddable":true,"href":"https:\/\/www.manantialasesorias.cl\/index.php\/wp-json\/wp\/v2\/comments?post=1601"}],"version-history":[{"count":39,"href":"https:\/\/www.manantialasesorias.cl\/index.php\/wp-json\/wp\/v2\/pages\/1601\/revisions"}],"predecessor-version":[{"id":2298,"href":"https:\/\/www.manantialasesorias.cl\/index.php\/wp-json\/wp\/v2\/pages\/1601\/revisions\/2298"}],"wp:attachment":[{"href":"https:\/\/www.manantialasesorias.cl\/index.php\/wp-json\/wp\/v2\/media?parent=1601"}],"curies":[{"name":"wp","href":"https:\/\/api.w.org\/{rel}","templated":true}]}}